{"id":119,"date":"2024-12-30T20:48:36","date_gmt":"2024-12-30T19:48:36","guid":{"rendered":"https:\/\/it-uckermark.de\/?page_id=119"},"modified":"2024-12-30T20:54:42","modified_gmt":"2024-12-30T19:54:42","slug":"abenteuer-auf-den-bauernhof","status":"publish","type":"page","link":"https:\/\/it-uckermark.de\/?page_id=119","title":{"rendered":"Abenteuer auf den Bauernhof"},"content":{"rendered":"\n<figure class=\"wp-block-image size-large\"><img decoding=\"async\" src=\"https:\/\/it-uckermark.de\/wp-content\/uploads\/2024\/12\/Image_20241229_0001.jpg\" alt=\"\"\/><\/figure>\n\n\n\n<p>Es ist ein <strong>aufregendes Aufbausimulation-Game zu Deutsch Aufbausimulationsspiel,<\/strong> mit vielen gro\u00dfartigen Missionen, die zum Erfolg f\u00fchren. In den verschiedenen Levelstufen gibt es Gegenst\u00e4nde, die man sich erspielen kann f\u00fcr den Landwirtschaftsbetrieb und sp\u00e4teren St\u00e4dtebau. F\u00fcr jeden Spieler wird es sehr interessant um so h\u00f6her man in den Levelstufen kommt. Es ist auf jedenfalls ein Spiel was jeden Spieler fesseln wird, wenn man es beherrscht.<\/p>\n\n\n\n<p>Zum Anfang, wenn man mit dem Game (Spiel) beginnt, erwartet einen nicht viel und wird bis Level 5 mit Hilfestellungen durchgeleitet was zu tun ist, um zu erfahren, was auf einen im sp\u00e4teren Spielverlauf erwartet.<\/p>\n\n\n\n<p>Dieses <strong>Game (Spiel)<\/strong>, wird in naher Zukunft hier freigegeben.<\/p>\n\n\n\n<p><\/p>\n","protected":false},"excerpt":{"rendered":"<p>Es ist ein aufregendes Aufbausimulation-Game zu Deutsch Aufbausimulationsspiel, mit vielen gro\u00dfartigen Missionen, die zum Erfolg f\u00fchren. In den verschiedenen Levelstufen gibt es Gegenst\u00e4nde, die man sich erspielen kann f\u00fcr den Landwirtschaftsbetrieb und sp\u00e4teren St\u00e4dtebau. F\u00fcr jeden Spieler wird es sehr interessant um so h\u00f6her man in den Levelstufen kommt. Es ist auf jedenfalls ein Spiel [&hellip;]<\/p>\n","protected":false},"author":1,"featured_media":0,"parent":0,"menu_order":0,"comment_status":"closed","ping_status":"closed","template":"","meta":{"footnotes":""},"class_list":["post-119","page","type-page","status-publish","hentry"],"_links":{"self":[{"href":"https:\/\/it-uckermark.de\/index.php?rest_route=\/wp\/v2\/pages\/119","targetHints":{"allow":["GET"]}}],"collection":[{"href":"https:\/\/it-uckermark.de\/index.php?rest_route=\/wp\/v2\/pages"}],"about":[{"href":"https:\/\/it-uckermark.de\/index.php?rest_route=\/wp\/v2\/types\/page"}],"author":[{"embeddable":true,"href":"https:\/\/it-uckermark.de\/index.php?rest_route=\/wp\/v2\/users\/1"}],"replies":[{"embeddable":true,"href":"https:\/\/it-uckermark.de\/index.php?rest_route=%2Fwp%2Fv2%2Fcomments&post=119"}],"version-history":[{"count":3,"href":"https:\/\/it-uckermark.de\/index.php?rest_route=\/wp\/v2\/pages\/119\/revisions"}],"predecessor-version":[{"id":126,"href":"https:\/\/it-uckermark.de\/index.php?rest_route=\/wp\/v2\/pages\/119\/revisions\/126"}],"wp:attachment":[{"href":"https:\/\/it-uckermark.de\/index.php?rest_route=%2Fwp%2Fv2%2Fmedia&parent=119"}],"curies":[{"name":"wp","href":"https:\/\/api.w.org\/{rel}","templated":true}]}}