{"id":40,"date":"2024-12-13T16:46:20","date_gmt":"2024-12-13T15:46:20","guid":{"rendered":"https:\/\/it-uckermark.de\/?page_id=40"},"modified":"2024-12-18T17:15:38","modified_gmt":"2024-12-18T16:15:38","slug":"gamer-hard-software","status":"publish","type":"page","link":"https:\/\/it-uckermark.de\/?page_id=40","title":{"rendered":"Gamer-Technik"},"content":{"rendered":"\n<p><strong><u>Gamer Hard- &amp; Software<\/u><\/strong><\/p>\n\n\n\n<p>Wer die Qual hat, hat die Wahl!<\/p>\n\n\n\n<p>Auf der Suche nach dem geeigneten Gaming PC hat begonnen? Nun stellt sich, die Frage welche Komponente sind nun eigentlich in Deinem Wunschrechner verbaut. Gerade Einsteiger haben es in dieser Thematik schwer, da Du noch keinerlei Erfahrung mit dieser Zusammenstellung hast, kann man mit einem <a href=\"https:\/\/www.ankermann.com\/de\/gaming-pc-konfigurator.htm\">Konfigurator sich ganz einfach Unterst\u00fctzung holen,<\/a><strong><em> <\/em><\/strong>um sein eigenen Gaming PC zu erhalten.<\/p>\n\n\n\n<p>Wir geben Dir dennoch hier einen groben \u00dcberblick, \u00fcber die wichtigsten Komponenten, was f\u00fcr Dich hilfreich sein kann. An aller erster Stelle solltest Du Dir klarmachen, was Du eigentlich von einem Computersystem erwartest.<\/p>\n\n\n\n<p><strong>Was willst Du eigentlich spielen?<\/strong> Diese Frage sollte, wenn m\u00f6glich sich immer stellen.<\/p>\n\n\n\n<p>Wer sich erstmal mit der Zusammenstellung eines Gaming PC besch\u00e4ftigt, wird schnell feststellen, dass hier die Preisspanne nach oben keine Grenzen kennt. Die neusten und st\u00e4rksten Komponente sind sehr preisintensiv und k\u00f6nnen schnell das eigene Budget sprengen.<\/p>\n\n\n\n<p>Als erstes sollte, daher f\u00fcr Dich klar sein, was Du eigentlich mit Deinem neuen Computer anstellen willst. Die Antwort ist klar: \u201cIch will spielen (zocken, datteln)!\u201c<\/p>\n\n\n\n<p>Dennoch lohnt es sich, genau abzuchecken, was tats\u00e4chlich an Hardware ben\u00f6tigt wird, um die Wunschspiele in vollen Z\u00fcgen genie\u00dfen zu k\u00f6nnen. Dabei kann ein Blick auf die empfohlene Systemanforderung des Games, sehr hilfreich sein und Du solltest Dein Budget f\u00fcr die Ausgabe immer genau im Auge behalten. Am Ende bringt es Dir nichts, der neue Gamer PC ist da, nur kannst Du Dein Wunschspiel nicht abspielen, da es nur ruckeln voran geht bis gar nicht, da es nicht wiedergegeben werden kann.<\/p>\n\n\n\n<p>Daher geben wir Dir hier ein paar Tipps die Du, immer im Blick haben solltest!<\/p>\n\n\n\n<p>Dazu geh\u00f6ren:<\/p>\n\n\n\n<p><strong><em>Grafikkarte:<\/em><\/strong><br>Dies ist mit einer der teuersten Anschaffungen aber entscheidend ist der Speicher der Grafikkarte <br>und der GPU- Takt. Diese Taktung sollte immer in etwa bei 1.400 bis 2.000 liegen und der Speicher <br>sollte mindestens 8 GB betragen. Die Empfehlung ist sich f\u00fcr Nvidia oder AMD zu entscheiden, das <br>sind die Flaggschiffe unter dem Komponenten.<\/p>\n\n\n\n<p><strong><em>Prozessor:<\/em><\/strong><br>Der Prozessor ist, das Herzst\u00fcck eines Computers, welcher die notwendige Rechenleistungen<br>bereitstellt. Vor allem Grafikkarten sind auf ausreichende Prozessorleistungen angewiesen, um das <br>volle Leistungspotenzial auszusch\u00f6pfen.<\/p>\n\n\n\n<p><strong><em>Netzteil:<\/em><\/strong><br>Je nach Wahl Deiner Komponenten ben\u00f6tigt Dein System eine bestimmte Menge Strom. <br>Daher muss das Netzteil, also genau auf Deinen Bedarf abgestimmt sein!<\/p>\n\n\n\n<p><strong><em>Mainboard (Motherboard):<\/em><\/strong><br>Das hochwertige Mainboard (Motherboard), sorgt f\u00fcr einen reibungslosen Ablauf in Deinem\u00a0\u00a0\u00a0\u00a0\u00a0\u00a0<br>System. Zudem solltest Du auch darauf achten, dass Dein Mainboard m\u00f6gliche<br>Nachr\u00fcstungen unterst\u00fctzt.<br><br><strong><em>Arbeitsspeicher: <\/em><\/strong><br>Hier solltest Du dar<sup data-fn=\"7a1e1c77-6c8f-4be1-a43f-0b856f9728f5\" class=\"fn\"><a href=\"#7a1e1c77-6c8f-4be1-a43f-0b856f9728f5\" id=\"7a1e1c77-6c8f-4be1-a43f-0b856f9728f5-link\">1<\/a><\/sup>auf achten das 16 GB verbaut werden oder sind, um aktuelle Games<br>spielen (zocken, datteln) zu k\u00f6nnen.<\/p>\n\n\n\n<p><strong><em>Festplatten:<\/em><\/strong><br>F\u00fcr das Betriebssystem und Games (Spiele), ist zu empfehlen zwei SSD- Festplatten zu<br>verwenden, da diese schnell sind und Ladezeiten zum Teil deutlich verringern. F\u00fcr das<br>Archivieren von Daten wie Videos, Bilder oder Dokumenten, kann dann noch eine gr\u00f6\u00dfere<br>HDD- Festplatte angeschafft werden.<\/p>\n\n\n\n<p><strong><em>K\u00fchlung:<\/em><\/strong><br>Um das Lieblingsgame endlich zocken zu k\u00f6nnen und die Hardware die volle Leistung<br>hergeben muss, wird es im Geh\u00e4use ordentlich warm. Damit nichts \u00fcberhitzt, muss f\u00fcr<br>ausreichend K\u00fchlung gesorgt werden!<\/p>\n\n\n\n<p><em><strong>Geh\u00e4use: <\/strong><\/em><br>Es geht vor allem um den Platz! Das Geh\u00e4use muss gro\u00df genug f\u00fcr alle Komponenten sein.<br>Achte daher darauf, dass noch Platz f\u00fcr m\u00f6gliche, nachger\u00fcstete Komponenten bleibt.<\/p>\n\n\n\n<p>Vergesse zudem nicht, dass Du neben den eigentlichen Computer auch unter Umst\u00e4nden&nbsp; einen Monitor, Tastatur, Maus, Gamecontroller oder Gamepad wie ein Headset ben\u00f6tigst. Plane dieses alles sinnvoll, um bei Deinem finanziellen Rahmen zu bleiben.<\/p>\n\n\n\n<div class=\"wp-block-columns is-layout-flex wp-container-core-columns-is-layout-28f84493 wp-block-columns-is-layout-flex\">\n<div class=\"wp-block-column is-layout-flow wp-block-column-is-layout-flow\"><\/div>\n\n\n\n<div class=\"wp-block-column is-layout-flow wp-block-column-is-layout-flow\"><\/div>\n<\/div>\n\n\n\n<p><\/p>\n","protected":false},"excerpt":{"rendered":"<p>Gamer Hard- &amp; Software Wer die Qual hat, hat die Wahl! Auf der Suche nach dem geeigneten Gaming PC hat begonnen? Nun stellt sich, die Frage welche Komponente sind nun eigentlich in Deinem Wunschrechner verbaut. Gerade Einsteiger haben es in dieser Thematik schwer, da Du noch keinerlei Erfahrung mit dieser Zusammenstellung hast, kann man mit [&hellip;]<\/p>\n","protected":false},"author":1,"featured_media":0,"parent":0,"menu_order":0,"comment_status":"closed","ping_status":"closed","template":"","meta":{"footnotes":"[{\"id\":\"7a1e1c77-6c8f-4be1-a43f-0b856f9728f5\",\"content\":\"\"}]"},"class_list":["post-40","page","type-page","status-publish","hentry"],"_links":{"self":[{"href":"https:\/\/it-uckermark.de\/index.php?rest_route=\/wp\/v2\/pages\/40","targetHints":{"allow":["GET"]}}],"collection":[{"href":"https:\/\/it-uckermark.de\/index.php?rest_route=\/wp\/v2\/pages"}],"about":[{"href":"https:\/\/it-uckermark.de\/index.php?rest_route=\/wp\/v2\/types\/page"}],"author":[{"embeddable":true,"href":"https:\/\/it-uckermark.de\/index.php?rest_route=\/wp\/v2\/users\/1"}],"replies":[{"embeddable":true,"href":"https:\/\/it-uckermark.de\/index.php?rest_route=%2Fwp%2Fv2%2Fcomments&post=40"}],"version-history":[{"count":6,"href":"https:\/\/it-uckermark.de\/index.php?rest_route=\/wp\/v2\/pages\/40\/revisions"}],"predecessor-version":[{"id":67,"href":"https:\/\/it-uckermark.de\/index.php?rest_route=\/wp\/v2\/pages\/40\/revisions\/67"}],"wp:attachment":[{"href":"https:\/\/it-uckermark.de\/index.php?rest_route=%2Fwp%2Fv2%2Fmedia&parent=40"}],"curies":[{"name":"wp","href":"https:\/\/api.w.org\/{rel}","templated":true}]}}